{"id":14,"date":"2018-08-03T07:31:17","date_gmt":"2018-08-03T07:31:17","guid":{"rendered":"http:\/\/www.lukeslegal.cz\/?page_id=14"},"modified":"2018-08-30T08:56:47","modified_gmt":"2018-08-30T08:56:47","slug":"kariera","status":"publish","type":"page","link":"https:\/\/www.lukeslegal.cz\/index.php\/kariera\/","title":{"rendered":"Kari\u00e9ra"},"content":{"rendered":"<ul>\n<li>Chcete z\u00edskat mo\u017enost odborn\u00e9ho a osobn\u00edho rozvoje v\u00a0oblasti advokacie?<\/li>\n<li>R\u00e1di se stanete sou\u010d\u00e1st\u00ed profesion\u00e1ln\u00edho t\u00fdmu, kter\u00fd spolupracuje s\u00a0v\u00fdznamn\u00fdmi \u010desk\u00fdmi i zahrani\u010dn\u00edmi klienty?<\/li>\n<li>Bav\u00ed V\u00e1s analyzovat pr\u00e1vn\u00ed spory a hledat \u0159e\u0161en\u00ed?<\/li>\n<li>Um\u00edte efektivn\u011b komunikovat a zaujmout nov\u00e9 \u010desk\u00e9 i zahrani\u010dn\u00ed klienty a z\u00e1rove\u0148 rozv\u00edjet spolupr\u00e1ci s\u00a0t\u011bmi st\u00e1vaj\u00edc\u00edmi?<\/li>\n<li>Chcete vyu\u017e\u00edvat \u0161irok\u00e9 spektrum benefit\u016f, kter\u00e9 V\u00e1m na\u0161e kancel\u00e1\u0159 m\u016f\u017ee nab\u00eddnout? (t\u00fdden dovolen\u00e9 nav\u00edc, jazykov\u00e9 a odborn\u00e9 kurzy, slu\u017eebn\u00ed telefon i pro soukrom\u00e9 \u00fa\u010dely)<\/li>\n<\/ul>\n<p>Do na\u0161\u00ed advok\u00e1tn\u00ed kancel\u00e1\u0159e pravideln\u011b hled\u00e1me nov\u00e9 kolegy\/n\u011b na pozici:<\/p>\n<p>Pr\u00e1vn\u00ed asistent \u2013 studenta pr\u00e1vnick\u00e9 fakulty, kter\u00fd by cht\u011bl z\u00edskat v\u00a0pr\u016fb\u011bhu studia praxi v\u00a0advok\u00e1tn\u00ed kancel\u00e1\u0159i, d\u00edky kter\u00e9 se nau\u010d\u00ed z\u00edskan\u00e9 teoretick\u00e9 znalosti aplikovat v\u00a0re\u00e1ln\u00e9m kontaktu v\u00a0pr\u00e1vn\u00edm prost\u0159ed\u00ed.<\/p>\n<p>Advok\u00e1tn\u00ed koncipient \u2013 absolventa pr\u00e1vnick\u00e9 fakulty, kter\u00fd m\u00e1 z\u00e1jem st\u00e1t se sou\u010d\u00e1st\u00ed na\u0161eho funguj\u00edc\u00edho t\u00fdmu a pod dohledem zku\u0161en\u00e9ho advok\u00e1ta zpracov\u00e1vat\/analyzovat jednotliv\u00e9 pr\u00e1vn\u00ed spory a celkov\u011b se rozv\u00edjet v\u00a0oblasti pr\u00e1va.<\/p>\n<p>Advok\u00e1t &#8211; kter\u00fd nejen dok\u00e1\u017ee samostatn\u011b pracovat, ale tak\u00e9 bude um\u011bt navazovat kontakt s\u00a0nov\u00fdmi klienty.<\/p>\n<p>Pokud se chcete st\u00e1t sou\u010d\u00e1st\u00ed na\u0161eho t\u00fdmu, pak n\u00e1s nev\u00e1hejte <a href=\"http:\/\/www.lukeslegal.cz\/index.php\/kontakt\/\">kontaktovat<\/a>.<\/p>\n<p><img loading=\"lazy\" class=\"alignnone size-medium wp-image-582\" src=\"http:\/\/www.lukeslegal.cz\/wp-content\/uploads\/2018\/08\/kariera3-300x200.jpg\" alt=\"\" width=\"300\" height=\"200\" srcset=\"https:\/\/www.lukeslegal.cz\/wp-content\/uploads\/2018\/08\/kariera3-300x200.jpg 300w, https:\/\/www.lukeslegal.cz\/wp-content\/uploads\/2018\/08\/kariera3-768x512.jpg 768w, https:\/\/www.lukeslegal.cz\/wp-content\/uploads\/2018\/08\/kariera3-1024x683.jpg 1024w, https:\/\/www.lukeslegal.cz\/wp-content\/uploads\/2018\/08\/kariera3-648x432.jpg 648w, https:\/\/www.lukeslegal.cz\/wp-content\/uploads\/2018\/08\/kariera3-288x192.jpg 288w, https:\/\/www.lukeslegal.cz\/wp-content\/uploads\/2018\/08\/kariera3.jpg 1920w\" sizes=\"(max-width: 300px) 100vw, 300px\" \/><\/p>\n","protected":false},"excerpt":{"rendered":"<p>Chcete z\u00edskat mo\u017enost odborn\u00e9ho a osobn\u00edho rozvoje v\u00a0oblasti advokacie? R\u00e1di se stanete sou\u010d\u00e1st\u00ed profesion\u00e1ln\u00edho t\u00fdmu, kter\u00fd spolupracuje s\u00a0v\u00fdznamn\u00fdmi \u010desk\u00fdmi i zahrani\u010dn\u00edmi klienty? Bav\u00ed V\u00e1s analyzovat pr\u00e1vn\u00ed spory a hledat \u0159e\u0161en\u00ed? Um\u00edte efektivn\u011b komunikovat a zaujmout nov\u00e9 \u010desk\u00e9 i zahrani\u010dn\u00ed klienty a z\u00e1rove\u0148 rozv\u00edjet spolupr\u00e1ci s\u00a0t\u011bmi st\u00e1vaj\u00edc\u00edmi? Chcete vyu\u017e\u00edvat \u0161irok\u00e9 spektrum benefit\u016f, kter\u00e9 V\u00e1m na\u0161e kancel\u00e1\u0159 &hellip; <a href=\"https:\/\/www.lukeslegal.cz\/index.php\/kariera\/\" class=\"more-link\">Continue reading <span class=\"screen-reader-text\">Kari\u00e9ra<\/span><\/a><\/p>\n","protected":false},"author":1,"featured_media":582,"parent":0,"menu_order":0,"comment_status":"closed","ping_status":"closed","template":"page-templates\/full-width-page.php","meta":[],"yst_prominent_words":[],"_links":{"self":[{"href":"https:\/\/www.lukeslegal.cz\/index.php\/wp-json\/wp\/v2\/pages\/14"}],"collection":[{"href":"https:\/\/www.lukeslegal.cz\/index.php\/wp-json\/wp\/v2\/pages"}],"about":[{"href":"https:\/\/www.lukeslegal.cz\/index.php\/wp-json\/wp\/v2\/types\/page"}],"author":[{"embeddable":true,"href":"https:\/\/www.lukeslegal.cz\/index.php\/wp-json\/wp\/v2\/users\/1"}],"replies":[{"embeddable":true,"href":"https:\/\/www.lukeslegal.cz\/index.php\/wp-json\/wp\/v2\/comments?post=14"}],"version-history":[{"count":10,"href":"https:\/\/www.lukeslegal.cz\/index.php\/wp-json\/wp\/v2\/pages\/14\/revisions"}],"predecessor-version":[{"id":594,"href":"https:\/\/www.lukeslegal.cz\/index.php\/wp-json\/wp\/v2\/pages\/14\/revisions\/594"}],"wp:featuredmedia":[{"embeddable":true,"href":"https:\/\/www.lukeslegal.cz\/index.php\/wp-json\/wp\/v2\/media\/582"}],"wp:attachment":[{"href":"https:\/\/www.lukeslegal.cz\/index.php\/wp-json\/wp\/v2\/media?parent=14"}],"wp:term":[{"taxonomy":"yst_prominent_words","embeddable":true,"href":"https:\/\/www.lukeslegal.cz\/index.php\/wp-json\/wp\/v2\/yst_prominent_words?post=14"}],"curies":[{"name":"wp","href":"https:\/\/api.w.org\/{rel}","templated":true}]}}