{"id":16,"date":"2018-08-03T07:31:33","date_gmt":"2018-08-03T07:31:33","guid":{"rendered":"http:\/\/www.lukeslegal.cz\/?page_id=16"},"modified":"2018-08-30T08:57:21","modified_gmt":"2018-08-30T08:57:21","slug":"reference","status":"publish","type":"page","link":"https:\/\/www.lukeslegal.cz\/index.php\/reference\/","title":{"rendered":"Reference"},"content":{"rendered":"<p><strong><span style=\"color: #284995;\">Mezi na\u0161e klienty pat\u0159\u00ed:<\/span><\/strong><\/p>\n<p><strong>Dallmayr Vending &amp; Office, k.s.<\/strong> &#8211; distributor k\u00e1vy, p\u0159\u00edstroj\u016f na p\u0159\u00edpravu k\u00e1vy a automat\u016f na n\u00e1poje, pron\u00e1jem p\u0159\u00edstroj\u016f a automat\u016f na n\u00e1poje a k\u00e1vu<\/p>\n<p><strong>BE Group CZ s.r.o.<\/strong> &#8211; obchodn\u00edk s kovy a kovov\u00fdmi v\u00fdrobky<\/p>\n<p><strong>CL-EVANS s.r.o.<\/strong> &#8211; stavebn\u00ed spole\u010dnost<\/p>\n<p><strong>CLICOM AG<\/strong> &#8211; dodavatel softwarov\u00fdch produkt\u016f a IT \u0159e\u0161en\u00ed<\/p>\n<p><strong>ConQuest Entertainment a.s.<\/strong> &#8211; distributor elektroniky a hra\u010dek<\/p>\n<p><strong>DOLFI &#8211; 1920 s.r.o.<\/strong> &#8211; opravy zavazadel pro leteck\u00e9 spole\u010dnosti a dodavatel zavazadel<\/p>\n<p><strong>FOGAZZANO s.r.o.<\/strong> &#8211; vlastn\u00edk a pronaj\u00edmatel byt\u016f a nebytov\u00fdch prostor<\/p>\n<p><strong>Honoris a.s.<\/strong> \u2013 distributor autobateri\u00ed<\/p>\n<p><strong>Lognet Billing Czech s.r.o.<\/strong> &#8211; dodavatel platebn\u00edch \u0159e\u0161en\u00ed<\/p>\n<p><strong>METALIS Nejdek s.r.o.<\/strong> &#8211; sl\u00e9v\u00e1rna ne\u017eelezn\u00fdch kov\u016f<\/p>\n<p><strong>S&amp;T CZ s.r.o.<\/strong> &#8211; IT spole\u010dnost, dod\u00e1vky a implementace podnikov\u00e9ho software<\/p>\n<p><strong>S&amp;T Plus s.r.o.<\/strong> &#8211; dodavatel l\u00e9ka\u0159sk\u00fdch p\u0159\u00edstroj\u016f<\/p>\n<p><strong>S group holding a.s.<\/strong> &#8211; holdingov\u00e1 spole\u010dnost a dal\u0161\u00ed \u010dinnosti<\/p>\n<p><strong>Stobart Automotive CZ s.r.o.<\/strong> \u2013 provozovatel autodopravy specializuj\u00edc\u00ed se na p\u0159epravu automobil\u016f<\/p>\n<p><strong>SYNER, s.r.o.<\/strong> &#8211; stavebn\u00ed, p\u0159epravn\u00ed spole\u010dnost a dal\u0161\u00ed \u010dinnosti<\/p>\n<p><strong>UMAX Czech a.s.<\/strong> &#8211; distributor a dodavatel elektroniky<\/p>\n<p><strong>Verga s.r.o.<\/strong> &#8211; vlastn\u00edk a pronaj\u00edmatel byt\u016f a nebytov\u00fdch prostor<\/p>\n<p><strong>VFS Financial Services Czech Republic s.r.o.<\/strong> &#8211; leasingov\u00e1 spole\u010dnost<\/p>\n<p><strong>Wenaas Hotel Prague s.r.o.<\/strong> &#8211; vlastn\u00edk p\u011btihv\u011bzdi\u010dkov\u00e9ho hotelu Sheraton v Praze &#8211; \u017ditn\u00e1 ul.<\/p>\n<p><strong>Wetra-XT, \u010cR s.r.o.<\/strong> \u2013 distributor pracovn\u00ed techniky a n\u00e1\u0159ad\u00ed<\/p>\n<p><img loading=\"lazy\" class=\"alignnone size-medium wp-image-461\" src=\"http:\/\/www.lukeslegal.cz\/wp-content\/uploads\/2018\/08\/dusevni-a-it2-300x200.png\" alt=\"\" width=\"300\" height=\"200\" \/><\/p>\n","protected":false},"excerpt":{"rendered":"<p>Mezi na\u0161e klienty pat\u0159\u00ed: Dallmayr Vending &amp; Office, k.s. &#8211; distributor k\u00e1vy, p\u0159\u00edstroj\u016f na p\u0159\u00edpravu k\u00e1vy a automat\u016f na n\u00e1poje, pron\u00e1jem p\u0159\u00edstroj\u016f a automat\u016f na n\u00e1poje a k\u00e1vu BE Group CZ s.r.o. &#8211; obchodn\u00edk s kovy a kovov\u00fdmi v\u00fdrobky CL-EVANS s.r.o. &#8211; stavebn\u00ed spole\u010dnost CLICOM AG &#8211; dodavatel softwarov\u00fdch produkt\u016f a IT \u0159e\u0161en\u00ed ConQuest Entertainment &hellip; <a href=\"https:\/\/www.lukeslegal.cz\/index.php\/reference\/\" class=\"more-link\">Continue reading <span class=\"screen-reader-text\">Reference<\/span><\/a><\/p>\n","protected":false},"author":1,"featured_media":589,"parent":0,"menu_order":0,"comment_status":"closed","ping_status":"closed","template":"page-templates\/full-width-page.php","meta":[],"yst_prominent_words":[],"_links":{"self":[{"href":"https:\/\/www.lukeslegal.cz\/index.php\/wp-json\/wp\/v2\/pages\/16"}],"collection":[{"href":"https:\/\/www.lukeslegal.cz\/index.php\/wp-json\/wp\/v2\/pages"}],"about":[{"href":"https:\/\/www.lukeslegal.cz\/index.php\/wp-json\/wp\/v2\/types\/page"}],"author":[{"embeddable":true,"href":"https:\/\/www.lukeslegal.cz\/index.php\/wp-json\/wp\/v2\/users\/1"}],"replies":[{"embeddable":true,"href":"https:\/\/www.lukeslegal.cz\/index.php\/wp-json\/wp\/v2\/comments?post=16"}],"version-history":[{"count":9,"href":"https:\/\/www.lukeslegal.cz\/index.php\/wp-json\/wp\/v2\/pages\/16\/revisions"}],"predecessor-version":[{"id":513,"href":"https:\/\/www.lukeslegal.cz\/index.php\/wp-json\/wp\/v2\/pages\/16\/revisions\/513"}],"wp:featuredmedia":[{"embeddable":true,"href":"https:\/\/www.lukeslegal.cz\/index.php\/wp-json\/wp\/v2\/media\/589"}],"wp:attachment":[{"href":"https:\/\/www.lukeslegal.cz\/index.php\/wp-json\/wp\/v2\/media?parent=16"}],"wp:term":[{"taxonomy":"yst_prominent_words","embeddable":true,"href":"https:\/\/www.lukeslegal.cz\/index.php\/wp-json\/wp\/v2\/yst_prominent_words?post=16"}],"curies":[{"name":"wp","href":"https:\/\/api.w.org\/{rel}","templated":true}]}}