{"id":61,"date":"2018-08-05T08:47:41","date_gmt":"2018-08-05T08:47:41","guid":{"rendered":"http:\/\/www.lukeslegal.cz\/?page_id=61"},"modified":"2018-11-22T08:53:56","modified_gmt":"2018-11-22T08:53:56","slug":"korporacni-pravo","status":"publish","type":"page","link":"https:\/\/www.lukeslegal.cz\/index.php\/nase-sluzby\/korporacni-pravo\/","title":{"rendered":"Korpora\u010dn\u00ed pr\u00e1vo"},"content":{"rendered":"<p>Pr\u00e1vo obchodn\u00edch spole\u010dnost\u00ed, zaji\u0161t\u011bn\u00ed vnit\u0159n\u00edho fungov\u00e1n\u00ed a souladu s pr\u00e1vn\u00edmi p\u0159edpisy.<\/p>\n<p><!--more--><\/p>\n<p style=\"text-align: left;\"><span style=\"font-family: 'Noto Sans', sans-serif; font-size: 16px; font-style: normal; font-weight: 400;\">V\u00a0r\u00e1mci korpora\u010dn\u00edho pr\u00e1va zaji\u0161\u0165ujeme ve\u0161ker\u00e9 z\u00e1le\u017eitosti, kter\u00e9 se t\u00fdkaj\u00ed chodu spole\u010dnost\u00ed, a zaji\u0161t\u011bn\u00ed \u00fapravy dokument\u016f a vztah\u016f ve spole\u010dnosti podle po\u017eadavk\u016f a v\u00fdvoje pr\u00e1vn\u00edch p\u0159edpis\u016f.\u00a0<\/span>Nechte staros<span style=\"font-size: 16px;\">ti o pr\u00e1vn\u00ed fungov\u00e1n\u00ed spole\u010dnosti na n\u00e1s a soust\u0159e\u010fte se na svoje podnik\u00e1n\u00ed.<\/span><\/p>\n<p><span style=\"color: #284995;\">Pr\u00e1vn\u00ed slu\u017eby v t\u00e9to oblasti zahrnuj\u00ed zejm\u00e9na:<\/span><\/p>\n<ul>\n<li>zakl\u00e1d\u00e1n\u00ed spole\u010dnost\u00ed<\/li>\n<li>p\u0159evody pod\u00edl\u016f<\/li>\n<li>organizace valn\u00fdch hromad a p\u0159\u00edprava podklad\u016f pro n\u011b<\/li>\n<li>zaji\u0161\u0165ov\u00e1n\u00ed z\u00e1pis\u016f zm\u011bn ve spole\u010dnostech<\/li>\n<li>zm\u011bny spole\u010densk\u00fdch smluv, stanov a jin\u00fdch zakladatelsk\u00fdch dokument\u016f<\/li>\n<li>zm\u011bny z\u00e1kladn\u00edho kapit\u00e1lu<\/li>\n<li>vztahy mezi \u010dleny statut\u00e1rn\u00edch org\u00e1n\u016f a spole\u010dnost\u00ed<\/li>\n<li>p\u0159evody podnik\u016f a \u010d\u00e1st\u00ed podnik\u016f<\/li>\n<li>due diligence \u2013 pr\u00e1vn\u00ed audity p\u0159i koupi spole\u010dnost\u00ed a podnik\u016f<\/li>\n<li>likvidace spole\u010dnost\u00ed<\/li>\n<li>GDPR<\/li>\n<\/ul>\n<p><span style=\"color: #284995;\"><strong><a style=\"color: #284995;\" href=\"https:\/\/www.lukeslegal.cz\/index.php\/nase-sluzby\/\">Zp\u011bt na Na\u0161e slu\u017eby<\/a><\/strong><\/span><\/p>\n","protected":false},"excerpt":{"rendered":"<p>Pr\u00e1vo obchodn\u00edch spole\u010dnost\u00ed, zaji\u0161t\u011bn\u00ed vnit\u0159n\u00edho fungov\u00e1n\u00ed a souladu s pr\u00e1vn\u00edmi p\u0159edpisy.<\/p>\n","protected":false},"author":1,"featured_media":584,"parent":9,"menu_order":1,"comment_status":"closed","ping_status":"closed","template":"page-templates\/full-width-page.php","meta":[],"yst_prominent_words":[],"_links":{"self":[{"href":"https:\/\/www.lukeslegal.cz\/index.php\/wp-json\/wp\/v2\/pages\/61"}],"collection":[{"href":"https:\/\/www.lukeslegal.cz\/index.php\/wp-json\/wp\/v2\/pages"}],"about":[{"href":"https:\/\/www.lukeslegal.cz\/index.php\/wp-json\/wp\/v2\/types\/page"}],"author":[{"embeddable":true,"href":"https:\/\/www.lukeslegal.cz\/index.php\/wp-json\/wp\/v2\/users\/1"}],"replies":[{"embeddable":true,"href":"https:\/\/www.lukeslegal.cz\/index.php\/wp-json\/wp\/v2\/comments?post=61"}],"version-history":[{"count":32,"href":"https:\/\/www.lukeslegal.cz\/index.php\/wp-json\/wp\/v2\/pages\/61\/revisions"}],"predecessor-version":[{"id":613,"href":"https:\/\/www.lukeslegal.cz\/index.php\/wp-json\/wp\/v2\/pages\/61\/revisions\/613"}],"up":[{"embeddable":true,"href":"https:\/\/www.lukeslegal.cz\/index.php\/wp-json\/wp\/v2\/pages\/9"}],"wp:featuredmedia":[{"embeddable":true,"href":"https:\/\/www.lukeslegal.cz\/index.php\/wp-json\/wp\/v2\/media\/584"}],"wp:attachment":[{"href":"https:\/\/www.lukeslegal.cz\/index.php\/wp-json\/wp\/v2\/media?parent=61"}],"wp:term":[{"taxonomy":"yst_prominent_words","embeddable":true,"href":"https:\/\/www.lukeslegal.cz\/index.php\/wp-json\/wp\/v2\/yst_prominent_words?post=61"}],"curies":[{"name":"wp","href":"https:\/\/api.w.org\/{rel}","templated":true}]}}