{"id":65,"date":"2018-08-05T08:50:46","date_gmt":"2018-08-05T08:50:46","guid":{"rendered":"http:\/\/www.lukeslegal.cz\/?page_id=65"},"modified":"2018-11-05T18:04:39","modified_gmt":"2018-11-05T18:04:39","slug":"smluvni-vztahy","status":"publish","type":"page","link":"https:\/\/www.lukeslegal.cz\/index.php\/nase-sluzby\/smluvni-vztahy\/","title":{"rendered":"Smluvn\u00ed vztahy"},"content":{"rendered":"<p>P\u0159\u00edprava, revize a sjedn\u00e1v\u00e1n\u00ed smluvn\u00ed dokumentace od prvn\u00edch n\u00e1vrh\u016f a\u017e po \u00fasp\u011b\u0161n\u00e9 uzav\u0159en\u00ed smlouvy.<\/p>\n<p><!--more--><\/p>\n<p><span style=\"font-family: 'Noto Sans', sans-serif; font-size: 16px; font-style: normal; font-weight: 400;\"><span style=\"font-family: 'Noto Sans', sans-serif; font-size: 16px; font-style: normal; font-weight: 400;\">Z\u00e1kladn\u00edm \u00fa\u010delem, kter\u00fd ct\u00edme v\u00a0pr\u00e1vn\u00edm poradenstv\u00ed t\u00fdkaj\u00edc\u00edm se smluvn\u00edch vztah\u016f, je to, \u017ee z\u00e1kazn\u00edk m\u00e1 v\u00a0\u00famyslu uzav\u0159\u00edt dobr\u00fd obchod. P\u0159esv\u011bd\u010dte se spoluprac\u00ed s\u00a0n\u00e1mi o tom, \u017ee advok\u00e1t p\u0159edstavuje pro uzav\u0159en\u00ed dobr\u00e9 smlouvy pomoc, nikoliv zdr\u017een\u00ed \u010di p\u0159ek\u00e1\u017eku.\u00a0<\/span>\u010casto se st\u00e1v\u00e1, \u017ee je advok\u00e1tovi sv\u011b\u0159ena z\u00e1le\u017eitost a\u017e v\u00a0situaci, kdy je uzav\u0159ena pr\u00e1vn\u011b nev\u00fdhodn\u00e1 smlouva, a je t\u0159eba \u0159e\u0161it probl\u00e9m z\u00a0toho vznikl\u00fd. P\u0159edejd\u011bte tomu a zajist\u011bte si s\u00a0n\u00e1mi vylou\u010den\u00ed takov\u00fdch probl\u00e9m\u016f.<\/span><\/p>\n<p><span style=\"color: #284995;\">Pr\u00e1vn\u00ed slu\u017eby v t\u00e9to oblasti zahrnuj\u00ed zejm\u00e9na:<\/span><\/p>\n<ul>\n<li>p\u0159\u00edprava smluv<\/li>\n<li>smluvn\u00ed vztahy v\u00a0mezin\u00e1rodn\u00edm obchodu<\/li>\n<li>poradenstv\u00ed p\u0159i zaji\u0161t\u011bn\u00ed z\u00e1vazk\u016f<\/li>\n<li>pr\u00e1vn\u00ed pomoc p\u0159i jedn\u00e1n\u00ed o uzav\u00edr\u00e1n\u00ed smluv<\/li>\n<li>revize smluv<\/li>\n<\/ul>\n<p><span style=\"color: #284995;\"><strong><a style=\"color: #284995;\" href=\"https:\/\/www.lukeslegal.cz\/index.php\/nase-sluzby\/\">Zp\u011bt na Na\u0161e slu\u017eby<\/a><\/strong><\/span><\/p>\n","protected":false},"excerpt":{"rendered":"<p>P\u0159\u00edprava, revize a sjedn\u00e1v\u00e1n\u00ed smluvn\u00ed dokumentace od prvn\u00edch n\u00e1vrh\u016f a\u017e po \u00fasp\u011b\u0161n\u00e9 uzav\u0159en\u00ed smlouvy.<\/p>\n","protected":false},"author":1,"featured_media":590,"parent":9,"menu_order":3,"comment_status":"closed","ping_status":"closed","template":"page-templates\/full-width-page.php","meta":[],"yst_prominent_words":[],"_links":{"self":[{"href":"https:\/\/www.lukeslegal.cz\/index.php\/wp-json\/wp\/v2\/pages\/65"}],"collection":[{"href":"https:\/\/www.lukeslegal.cz\/index.php\/wp-json\/wp\/v2\/pages"}],"about":[{"href":"https:\/\/www.lukeslegal.cz\/index.php\/wp-json\/wp\/v2\/types\/page"}],"author":[{"embeddable":true,"href":"https:\/\/www.lukeslegal.cz\/index.php\/wp-json\/wp\/v2\/users\/1"}],"replies":[{"embeddable":true,"href":"https:\/\/www.lukeslegal.cz\/index.php\/wp-json\/wp\/v2\/comments?post=65"}],"version-history":[{"count":11,"href":"https:\/\/www.lukeslegal.cz\/index.php\/wp-json\/wp\/v2\/pages\/65\/revisions"}],"predecessor-version":[{"id":615,"href":"https:\/\/www.lukeslegal.cz\/index.php\/wp-json\/wp\/v2\/pages\/65\/revisions\/615"}],"up":[{"embeddable":true,"href":"https:\/\/www.lukeslegal.cz\/index.php\/wp-json\/wp\/v2\/pages\/9"}],"wp:featuredmedia":[{"embeddable":true,"href":"https:\/\/www.lukeslegal.cz\/index.php\/wp-json\/wp\/v2\/media\/590"}],"wp:attachment":[{"href":"https:\/\/www.lukeslegal.cz\/index.php\/wp-json\/wp\/v2\/media?parent=65"}],"wp:term":[{"taxonomy":"yst_prominent_words","embeddable":true,"href":"https:\/\/www.lukeslegal.cz\/index.php\/wp-json\/wp\/v2\/yst_prominent_words?post=65"}],"curies":[{"name":"wp","href":"https:\/\/api.w.org\/{rel}","templated":true}]}}