{"id":69,"date":"2018-08-05T08:51:40","date_gmt":"2018-08-05T08:51:40","guid":{"rendered":"http:\/\/www.lukeslegal.cz\/?page_id=69"},"modified":"2018-11-05T18:05:41","modified_gmt":"2018-11-05T18:05:41","slug":"vymahani-pohledavek","status":"publish","type":"page","link":"https:\/\/www.lukeslegal.cz\/index.php\/nase-sluzby\/vymahani-pohledavek\/","title":{"rendered":"Vym\u00e1h\u00e1n\u00ed pohled\u00e1vek"},"content":{"rendered":"<p>Kompletn\u00ed zastupov\u00e1n\u00ed v \u0159\u00edzen\u00edch ve v\u011bci vym\u00e1h\u00e1n\u00ed pohled\u00e1vek od revize p\u0159\u00edpadu a\u017e po exeku\u010dn\u00ed \u0159\u00edzen\u00ed.<br \/>\n<!--more--><\/p>\n<p><span style=\"font-family: 'Noto Sans', sans-serif; font-size: 16px; font-style: normal; font-weight: 400;\">A\u0165 jste na stran\u011b v\u011b\u0159itele \u010di dlu\u017en\u00edka, v\u017edy je nanejv\u00fd\u0161 pot\u0159ebn\u00e9, aby byla z\u00e1le\u017eitost \u0159e\u0161ena profesion\u00e1ln\u011b a efektivn\u011b od sam\u00e9ho po\u010d\u00e1tku. Va\u0161i z\u00e1le\u017eitost odborn\u011b posoud\u00edme, doporu\u010d\u00edme nejvhodn\u011bj\u0161\u00ed postup a p\u0159i zastupov\u00e1n\u00ed v\u00a0r\u00e1mci sporu u\u010din\u00edme v\u0161e pro to, aby byla v\u011bc vy\u0159e\u0161ena co nejrychleji a nejefektivn\u011bji.<\/span><\/p>\n<p><span style=\"color: #284995;\">Pr\u00e1vn\u00ed slu\u017eby v t\u00e9to oblasti zahrnuj\u00ed zejm\u00e9na:<\/span><\/p>\n<ul>\n<li>zastupov\u00e1n\u00ed p\u0159i vym\u00e1h\u00e1n\u00ed pohled\u00e1vek z\u00a0obchodn\u00edho styku i jin\u00fdch pohled\u00e1vek<\/li>\n<li>zastupov\u00e1n\u00ed v\u00a0soudn\u00edm \u0159\u00edzen\u00ed a rozhod\u010d\u00edm \u0159\u00edzen\u00ed<\/li>\n<li>zastoupen\u00ed v\u00a0exeku\u010dn\u00edm \u0159\u00edzen\u00ed a insolven\u010dn\u00edm \u0159\u00edzen\u00ed<\/li>\n<\/ul>\n<p><strong><a href=\"https:\/\/www.lukeslegal.cz\/index.php\/nase-sluzby\/\"><span style=\"color: #284995;\">Zp\u011bt na Na\u0161e slu\u017eby<\/span><\/a><\/strong><\/p>\n","protected":false},"excerpt":{"rendered":"<p>Kompletn\u00ed zastupov\u00e1n\u00ed v \u0159\u00edzen\u00edch ve v\u011bci vym\u00e1h\u00e1n\u00ed pohled\u00e1vek od revize p\u0159\u00edpadu a\u017e po exeku\u010dn\u00ed \u0159\u00edzen\u00ed.<\/p>\n","protected":false},"author":1,"featured_media":592,"parent":9,"menu_order":6,"comment_status":"closed","ping_status":"closed","template":"page-templates\/full-width-page.php","meta":[],"yst_prominent_words":[],"_links":{"self":[{"href":"https:\/\/www.lukeslegal.cz\/index.php\/wp-json\/wp\/v2\/pages\/69"}],"collection":[{"href":"https:\/\/www.lukeslegal.cz\/index.php\/wp-json\/wp\/v2\/pages"}],"about":[{"href":"https:\/\/www.lukeslegal.cz\/index.php\/wp-json\/wp\/v2\/types\/page"}],"author":[{"embeddable":true,"href":"https:\/\/www.lukeslegal.cz\/index.php\/wp-json\/wp\/v2\/users\/1"}],"replies":[{"embeddable":true,"href":"https:\/\/www.lukeslegal.cz\/index.php\/wp-json\/wp\/v2\/comments?post=69"}],"version-history":[{"count":13,"href":"https:\/\/www.lukeslegal.cz\/index.php\/wp-json\/wp\/v2\/pages\/69\/revisions"}],"predecessor-version":[{"id":619,"href":"https:\/\/www.lukeslegal.cz\/index.php\/wp-json\/wp\/v2\/pages\/69\/revisions\/619"}],"up":[{"embeddable":true,"href":"https:\/\/www.lukeslegal.cz\/index.php\/wp-json\/wp\/v2\/pages\/9"}],"wp:featuredmedia":[{"embeddable":true,"href":"https:\/\/www.lukeslegal.cz\/index.php\/wp-json\/wp\/v2\/media\/592"}],"wp:attachment":[{"href":"https:\/\/www.lukeslegal.cz\/index.php\/wp-json\/wp\/v2\/media?parent=69"}],"wp:term":[{"taxonomy":"yst_prominent_words","embeddable":true,"href":"https:\/\/www.lukeslegal.cz\/index.php\/wp-json\/wp\/v2\/yst_prominent_words?post=69"}],"curies":[{"name":"wp","href":"https:\/\/api.w.org\/{rel}","templated":true}]}}