{"id":7,"date":"2018-08-03T07:29:44","date_gmt":"2018-08-03T07:29:44","guid":{"rendered":"http:\/\/www.lukeslegal.cz\/?page_id=7"},"modified":"2018-11-05T11:31:38","modified_gmt":"2018-11-05T11:31:38","slug":"o-nas","status":"publish","type":"page","link":"https:\/\/www.lukeslegal.cz\/index.php\/o-nas\/","title":{"rendered":"O n\u00e1s"},"content":{"rendered":"<p>Pro advok\u00e1ta nen\u00ed pr\u00e1vo jen v\u011bda, ale zejm\u00e9na profesion\u00e1ln\u00ed slu\u017eba poskytovan\u00e1 klientovi dle jeho pot\u0159eb.<\/p>\n<p><!--more--><\/p>\n<p>\u010casto se lze setkat s\u00a0t\u00edm, \u017ee pr\u00e1vn\u00edk pouze identifikuje pr\u00e1vn\u00ed probl\u00e9my ve v\u011bci a nepokus\u00ed se nal\u00e9zt \u0159e\u0161en\u00ed. Smyslem na\u0161\u00ed pr\u00e1ce je probl\u00e9my \u0159e\u0161it, nikoliv vytv\u00e1\u0159et. My rozum\u00edme tomu, \u017ee se od n\u00e1s o\u010dek\u00e1v\u00e1 komplexn\u00ed \u0159e\u0161en\u00ed z\u00e1le\u017eitosti.<\/p>\n<p>S\u00a0t\u011bmito z\u00e1sadami se n\u00e1\u0161 t\u00fdm zku\u0161en\u00fdch pr\u00e1vn\u00edk\u016f v\u011bnuje p\u0159\u00edpad\u016fm \u010desk\u00fdch i zahrani\u010dn\u00edch klient\u016f. A\u0165 jde o f\u00fazi velk\u00fdch spole\u010dnost\u00ed nebo zaji\u0161t\u011bn\u00ed koup\u011b bytu \u010di jin\u00fd jakkoliv z\u00e1va\u017en\u00fd p\u0159\u00edpad, nikdy neslevujeme z\u00a0v\u00fd\u0161e uveden\u00fdch n\u00e1rok\u016f a z po\u017eadavk\u016f na efektivnost, flexibilitu a nasazen\u00ed.<\/p>\n<p>V\u0161ichni na\u0161i pr\u00e1vn\u00edci pracuj\u00ed v\u00a0\u010desk\u00e9m i anglick\u00e9m jazyce, a to stejn\u011b efektivn\u011b.<\/p>\n<p>Vedouc\u00edm advok\u00e1tem je <span style=\"color: #284995;\"><b>JUDr. Jan Luke\u0161, Ph.D.<\/b><\/span> Vystudoval Pr\u00e1vnickou fakultu Karlovy Univerzity. Na stejn\u00e9 vysok\u00e9 \u0161kole slo\u017eil rigor\u00f3zn\u00ed zkou\u0161ku na t\u00e9ma Ochrana osobnosti v\u00a0evropsk\u00e9m pr\u00e1vu a absolvoval na t\u00e9to univerzit\u011b postgradu\u00e1ln\u00ed studium se specializac\u00ed na mezin\u00e1rodn\u00ed pr\u00e1vo soukrom\u00e9, v\u00a0r\u00e1mci kter\u00e9ho obh\u00e1jil dizerta\u010dn\u00ed pr\u00e1ci na t\u00e9ma Zaji\u0161t\u011bn\u00ed z\u00e1vazk\u016f v\u00a0pr\u00e1vn\u00edch vztaz\u00edch z\u00a0mezin\u00e1rodn\u00edho obchodu. Kari\u00e9ru zah\u00e1jil jako pr\u00e1vn\u00edk v\u00a0Ernst &amp; Young, kde se sezn\u00e1mil s\u00a0prac\u00ed pro nejn\u00e1ro\u010dn\u011bj\u0161\u00ed klientelu a pot\u00e9 zalo\u017eil vlastn\u00ed advok\u00e1tn\u00ed kancel\u00e1\u0159. Je autorem mnoha odborn\u00fdch \u010dl\u00e1nk\u016f a spoluautorem odborn\u00fdch publikac\u00ed.<\/p>\n<p>JUDr. Jan Luke\u0161, Ph.D. se specializuje na z\u00e1vazkov\u00e9 pr\u00e1vo v\u010detn\u011b pr\u00e1va mezin\u00e1rodn\u00edho obchodu, pr\u00e1vo ve\u0159ejn\u00fdch zak\u00e1zek a pr\u00e1vo informa\u010dn\u00edch technologi\u00ed. Pracuje v\u00a0\u010desk\u00e9m a anglick\u00e9m jazyce.<\/p>\n","protected":false},"excerpt":{"rendered":"<p>Pro advok\u00e1ta nen\u00ed pr\u00e1vo jen v\u011bda, ale zejm\u00e9na profesion\u00e1ln\u00ed slu\u017eba poskytovan\u00e1 klientovi dle jeho pot\u0159eb.<\/p>\n","protected":false},"author":1,"featured_media":587,"parent":0,"menu_order":0,"comment_status":"closed","ping_status":"closed","template":"page-templates\/full-width-page.php","meta":[],"yst_prominent_words":[],"_links":{"self":[{"href":"https:\/\/www.lukeslegal.cz\/index.php\/wp-json\/wp\/v2\/pages\/7"}],"collection":[{"href":"https:\/\/www.lukeslegal.cz\/index.php\/wp-json\/wp\/v2\/pages"}],"about":[{"href":"https:\/\/www.lukeslegal.cz\/index.php\/wp-json\/wp\/v2\/types\/page"}],"author":[{"embeddable":true,"href":"https:\/\/www.lukeslegal.cz\/index.php\/wp-json\/wp\/v2\/users\/1"}],"replies":[{"embeddable":true,"href":"https:\/\/www.lukeslegal.cz\/index.php\/wp-json\/wp\/v2\/comments?post=7"}],"version-history":[{"count":10,"href":"https:\/\/www.lukeslegal.cz\/index.php\/wp-json\/wp\/v2\/pages\/7\/revisions"}],"predecessor-version":[{"id":522,"href":"https:\/\/www.lukeslegal.cz\/index.php\/wp-json\/wp\/v2\/pages\/7\/revisions\/522"}],"wp:featuredmedia":[{"embeddable":true,"href":"https:\/\/www.lukeslegal.cz\/index.php\/wp-json\/wp\/v2\/media\/587"}],"wp:attachment":[{"href":"https:\/\/www.lukeslegal.cz\/index.php\/wp-json\/wp\/v2\/media?parent=7"}],"wp:term":[{"taxonomy":"yst_prominent_words","embeddable":true,"href":"https:\/\/www.lukeslegal.cz\/index.php\/wp-json\/wp\/v2\/yst_prominent_words?post=7"}],"curies":[{"name":"wp","href":"https:\/\/api.w.org\/{rel}","templated":true}]}}