{"id":71,"date":"2018-08-05T08:52:01","date_gmt":"2018-08-05T08:52:01","guid":{"rendered":"http:\/\/www.lukeslegal.cz\/?page_id=71"},"modified":"2018-11-05T18:05:26","modified_gmt":"2018-11-05T18:05:26","slug":"nemovitosti","status":"publish","type":"page","link":"https:\/\/www.lukeslegal.cz\/index.php\/nase-sluzby\/nemovitosti\/","title":{"rendered":"Nemovitosti"},"content":{"rendered":"<p>Pr\u00e1vn\u00ed zaji\u0161t\u011bn\u00ed vztah\u016f k nemovitostem &#8211; prodeje, koup\u011b, pron\u00e1jmy, stavebn\u00ed a developersk\u00e9 projekty.<br \/>\n<!--more--><\/p>\n<p><span style=\"font-family: 'Noto Sans', sans-serif; font-size: 16px; font-style: normal; font-weight: 400;\">A\u0165 jste stavebn\u00ed spole\u010dnost, developer, vlastn\u00edk bytov\u00fdch \u010di nebytov\u00fdch dom\u016f nebo i jednoho domu \u010di bytu, kter\u00fd pronaj\u00edm\u00e1te, prod\u00e1v\u00e1te \u010di kupujete, precizn\u011b p\u0159ipraven\u00e9 pr\u00e1vn\u00ed podklady jsou z\u00e1kladem Va\u0161ich budouc\u00edch \u00fasp\u011bch\u016f. Postar\u00e1me se V\u00e1m o to, aby Va\u0161e z\u00e1le\u017eitost t\u00fdkaj\u00edc\u00ed se nemovitosti nebyla pouh\u00fdm dome\u010dkem z\u00a0karet.<\/span><\/p>\n<p><span style=\"color: #284995;\">Pr\u00e1vn\u00ed slu\u017eby v t\u00e9to oblasti zahrnuj\u00ed zejm\u00e9na:<\/span><\/p>\n<ul>\n<li>p\u0159\u00edprava dokumentace ke koupi a prodeji nemovitost\u00ed a jedn\u00e1n\u00ed o jejich uzav\u0159en\u00ed v\u010detn\u011b zaji\u0161t\u011bn\u00ed vklad\u016f do katastru nemovitost\u00ed<\/li>\n<li>pr\u00e1vn\u00ed poradenstv\u00ed pro stavebn\u00ed spole\u010dnosti \u2013 p\u0159\u00edprava a revize dodavatelsk\u00fdch smluv, jedn\u00e1n\u00ed o smlouv\u00e1ch<\/li>\n<li>pron\u00e1jmy nemovitost\u00ed<\/li>\n<li>pr\u00e1vn\u00ed zaji\u0161t\u011bn\u00ed developersk\u00fdch projekt\u016f<\/li>\n<li>due diligence \u2013 pr\u00e1vn\u00ed audity p\u0159i koupi nemovitost\u00ed<\/li>\n<li>pr\u00e1vn\u00ed poradenstv\u00ed pro spole\u010denstv\u00ed vlastn\u00edk\u016f jednotek<\/li>\n<\/ul>\n<p><span style=\"color: #284995;\"><strong><a style=\"color: #284995;\" href=\"https:\/\/www.lukeslegal.cz\/index.php\/nase-sluzby\/\">Zp\u011bt na Na\u0161e slu\u017eby<\/a><\/strong><\/span><\/p>\n","protected":false},"excerpt":{"rendered":"<p>Pr\u00e1vn\u00ed zaji\u0161t\u011bn\u00ed vztah\u016f k nemovitostem &#8211; prodeje, koup\u011b, pron\u00e1jmy, stavebn\u00ed a developersk\u00e9 projekty.<\/p>\n","protected":false},"author":1,"featured_media":586,"parent":9,"menu_order":6,"comment_status":"closed","ping_status":"closed","template":"page-templates\/full-width-page.php","meta":[],"yst_prominent_words":[],"_links":{"self":[{"href":"https:\/\/www.lukeslegal.cz\/index.php\/wp-json\/wp\/v2\/pages\/71"}],"collection":[{"href":"https:\/\/www.lukeslegal.cz\/index.php\/wp-json\/wp\/v2\/pages"}],"about":[{"href":"https:\/\/www.lukeslegal.cz\/index.php\/wp-json\/wp\/v2\/types\/page"}],"author":[{"embeddable":true,"href":"https:\/\/www.lukeslegal.cz\/index.php\/wp-json\/wp\/v2\/users\/1"}],"replies":[{"embeddable":true,"href":"https:\/\/www.lukeslegal.cz\/index.php\/wp-json\/wp\/v2\/comments?post=71"}],"version-history":[{"count":11,"href":"https:\/\/www.lukeslegal.cz\/index.php\/wp-json\/wp\/v2\/pages\/71\/revisions"}],"predecessor-version":[{"id":618,"href":"https:\/\/www.lukeslegal.cz\/index.php\/wp-json\/wp\/v2\/pages\/71\/revisions\/618"}],"up":[{"embeddable":true,"href":"https:\/\/www.lukeslegal.cz\/index.php\/wp-json\/wp\/v2\/pages\/9"}],"wp:featuredmedia":[{"embeddable":true,"href":"https:\/\/www.lukeslegal.cz\/index.php\/wp-json\/wp\/v2\/media\/586"}],"wp:attachment":[{"href":"https:\/\/www.lukeslegal.cz\/index.php\/wp-json\/wp\/v2\/media?parent=71"}],"wp:term":[{"taxonomy":"yst_prominent_words","embeddable":true,"href":"https:\/\/www.lukeslegal.cz\/index.php\/wp-json\/wp\/v2\/yst_prominent_words?post=71"}],"curies":[{"name":"wp","href":"https:\/\/api.w.org\/{rel}","templated":true}]}}